{"id":8,"date":"2022-05-14T08:20:31","date_gmt":"2022-05-14T08:20:31","guid":{"rendered":"https:\/\/www.riloc.it\/richiesta-contatto\/?page_id=8"},"modified":"2022-05-17T07:14:58","modified_gmt":"2022-05-17T07:14:58","slug":"richiesta-contatto","status":"publish","type":"page","link":"https:\/\/www.riloc.it\/richiesta-contatto\/","title":{"rendered":"richiesta contatto"},"content":{"rendered":"\t\t<div data-elementor-type=\"wp-page\" data-elementor-id=\"8\" class=\"elementor elementor-8\">\n\t\t\t\t\t\t<section class=\"elementor-section elementor-top-section elementor-element elementor-element-ffad61a elementor-section-boxed elementor-section-height-default elementor-section-height-default\" data-id=\"ffad61a\" data-element_type=\"section\" data-e-type=\"section\" data-settings=\"{&quot;background_background&quot;:&quot;classic&quot;}\">\n\t\t\t\t\t\t<div class=\"elementor-container elementor-column-gap-default\">\n\t\t\t\t\t<div class=\"elementor-column elementor-col-100 elementor-top-column elementor-element elementor-element-72a529c\" data-id=\"72a529c\" data-element_type=\"column\" data-e-type=\"column\">\n\t\t\t<div class=\"elementor-widget-wrap elementor-element-populated\">\n\t\t\t\t\t\t<section class=\"elementor-section elementor-inner-section elementor-element elementor-element-0995890 elementor-section-boxed elementor-section-height-default elementor-section-height-default\" data-id=\"0995890\" data-element_type=\"section\" data-e-type=\"section\">\n\t\t\t\t\t\t<div class=\"elementor-container elementor-column-gap-default\">\n\t\t\t\t\t<div class=\"elementor-column elementor-col-100 elementor-inner-column elementor-element elementor-element-0608f8f\" data-id=\"0608f8f\" data-element_type=\"column\" data-e-type=\"column\">\n\t\t\t<div class=\"elementor-widget-wrap elementor-element-populated\">\n\t\t\t\t\t\t<div class=\"elementor-element elementor-element-3d07446 elementor-widget elementor-widget-heading\" data-id=\"3d07446\" data-element_type=\"widget\" data-e-type=\"widget\" data-widget_type=\"heading.default\">\n\t\t\t\t<div class=\"elementor-widget-container\">\n\t\t\t\t\t<p class=\"elementor-heading-title elementor-size-default\">IMPORTANTE DA LEGGERE CON LA MASSIMA ATTENZIONE !!!<\/p>\t\t\t\t<\/div>\n\t\t\t\t<\/div>\n\t\t\t\t<div class=\"elementor-element elementor-element-f295db9 elementor-widget elementor-widget-heading\" data-id=\"f295db9\" data-element_type=\"widget\" data-e-type=\"widget\" data-widget_type=\"heading.default\">\n\t\t\t\t<div class=\"elementor-widget-container\">\n\t\t\t\t\t<p class=\"elementor-heading-title elementor-size-default\">RIL\u00d2C \u00c8 UN SERVIZIO MOLTO SPECIALIZZATO, <\/br>NON \u00c8 PER TUTTI<\/p>\t\t\t\t<\/div>\n\t\t\t\t<\/div>\n\t\t\t\t<div class=\"elementor-element elementor-element-62a24b5 elementor-widget elementor-widget-heading\" data-id=\"62a24b5\" data-element_type=\"widget\" data-e-type=\"widget\" data-widget_type=\"heading.default\">\n\t\t\t\t<div class=\"elementor-widget-container\">\n\t\t\t\t\t<p class=\"elementor-heading-title elementor-size-default\">SE VUOI RICEVERE UN PREVENTIVO DI NOLEGGIO<\/br>\nLEGGI FINO IN FONDO PRIMA DI PROSEGUIRE\n<\/p>\t\t\t\t<\/div>\n\t\t\t\t<\/div>\n\t\t\t\t<div class=\"elementor-element elementor-element-ec192af elementor-widget elementor-widget-text-editor\" data-id=\"ec192af\" data-element_type=\"widget\" data-e-type=\"widget\" data-widget_type=\"text-editor.default\">\n\t\t\t\t<div class=\"elementor-widget-container\">\n\t\t\t\t\t\t\t\t\t<p><strong>ATTENZIONE: ecco cosa devi ASSOLUTAMENTE sapere prima di procedere alla richiesta:<\/strong><\/p><p>Ril\u00f2c \u00e8 rivolto solo alle aziende che noleggiano sovente (non occasionalmente) e che si trovano a lavorare spesso fuori zona, in cantieri molto distanti dalla propria sede. <strong>NON<\/strong> riceverai un preventivo se il cantiere \u00e8 vicino alla tua sede (entro i 50-100 km a seconda del territorio) e se stai cercando noleggio all\u2019interno della stessa regione, se la tua sede \u00e8 su isola.<\/p><p>La richiesta <strong>DEVE<\/strong> indicare con precisione la durata del noleggio e la data di consegna, che dovr\u00e0 essere entro e non oltre i 20 giorni dalla compilazione del form. Se fattibile organizziamo il noleggio anche nell\u2019arco della stessa giornata della richiesta. Tuttavia, per i nuovi clienti, abbiamo necessit\u00e0 di raccogliere le informazioni di affidabilit\u00e0 creditizia utili a perfezionare il noleggio e questo potrebbe richiedere pi\u00f9 tempo per la consegna del mezzo (fino a 2\/3 giorni dalla richiesta).<\/p><p>Per esigenze assicurative <strong>NON<\/strong> possiamo servire le seguenti tipologie di utenti:<strong> 1)<\/strong> Privati; <strong>2)<\/strong> Associazioni; <strong>3)<\/strong> Aziende con meno di tre anni di et\u00e0; <strong>4)<\/strong> Imprese poco strutturate, con meno di cinque dipendenti; <strong>5)<\/strong> Societ\u00e0 Srls; <strong>6)<\/strong> Enti\/societ\u00e0\/professionisti per corsi di formazione.<\/p><p>Inoltre <strong>NON<\/strong> trattiamo noleggi per lunghi periodi (oltre 2 mesi) oppure a lungo termine.<\/p><p>Una volta che riceverai il nostro preventivo controlla bene il tempo che richiediamo per ricevere la conferma. A volte \u00e8 un po\u2019 stretto, ma lo facciamo per assicurarci che il mezzo sia davvero disponibile in caso tu accettassi.<\/p><p>Come avrai quindi capito, Ril\u00f2c non \u00e8 un noleggiatore tradizionale, ma \u00e8 un servizio specializzato nato per soddisfare esigenze di noleggio ben specifiche.<\/p><p>Ril\u00f2c <strong>NON<\/strong> deve essere utilizzato per richiedere quotazioni generiche o per ricercare unicamente il prezzo pi\u00f9 basso del mercato.<\/p><p>Ricorda: la nostra priorit\u00e0 \u00e8 una sola: darti certezze.<\/p><p>Buon noleggio con Ril\u00f2c.<\/p>\t\t\t\t\t\t\t\t<\/div>\n\t\t\t\t<\/div>\n\t\t\t\t\t<\/div>\n\t\t<\/div>\n\t\t\t\t\t<\/div>\n\t\t<\/section>\n\t\t\t\t<section class=\"elementor-section elementor-inner-section elementor-element elementor-element-63a573d elementor-section-boxed elementor-section-height-default elementor-section-height-default\" data-id=\"63a573d\" data-element_type=\"section\" data-e-type=\"section\">\n\t\t\t\t\t\t<div class=\"elementor-container elementor-column-gap-default\">\n\t\t\t\t\t<div class=\"elementor-column elementor-col-50 elementor-inner-column elementor-element elementor-element-c6dcae9\" data-id=\"c6dcae9\" data-element_type=\"column\" data-e-type=\"column\">\n\t\t\t<div class=\"elementor-widget-wrap elementor-element-populated\">\n\t\t\t\t\t\t<div class=\"elementor-element elementor-element-ab5ace1 elementor-widget elementor-widget-button\" data-id=\"ab5ace1\" data-element_type=\"widget\" data-e-type=\"widget\" data-widget_type=\"button.default\">\n\t\t\t\t<div class=\"elementor-widget-container\">\n\t\t\t\t\t\t\t\t\t<div class=\"elementor-button-wrapper\">\n\t\t\t\t\t<a class=\"elementor-button elementor-button-link elementor-size-md\" href=\"mailto:info@riloc.it\">\n\t\t\t\t\t\t<span class=\"elementor-button-content-wrapper\">\n\t\t\t\t\t\t\t\t\t<span class=\"elementor-button-text\">CLICCA QUI PER INVIARE UNA MAIL<\/span>\n\t\t\t\t\t<\/span>\n\t\t\t\t\t<\/a>\n\t\t\t\t<\/div>\n\t\t\t\t\t\t\t\t<\/div>\n\t\t\t\t<\/div>\n\t\t\t\t\t<\/div>\n\t\t<\/div>\n\t\t\t\t<div class=\"elementor-column elementor-col-50 elementor-inner-column elementor-element elementor-element-8775a7d\" data-id=\"8775a7d\" data-element_type=\"column\" data-e-type=\"column\">\n\t\t\t<div class=\"elementor-widget-wrap elementor-element-populated\">\n\t\t\t\t\t\t<div class=\"elementor-element elementor-element-6345049 elementor-widget elementor-widget-button\" data-id=\"6345049\" data-element_type=\"widget\" data-e-type=\"widget\" data-widget_type=\"button.default\">\n\t\t\t\t<div class=\"elementor-widget-container\">\n\t\t\t\t\t\t\t\t\t<div class=\"elementor-button-wrapper\">\n\t\t\t\t\t<a class=\"elementor-button elementor-button-link elementor-size-lg\" href=\"https:\/\/www.riloc.it\/landing-page\/\" target=\"_blank\">\n\t\t\t\t\t\t<span class=\"elementor-button-content-wrapper\">\n\t\t\t\t\t\t\t\t\t<span class=\"elementor-button-text\">CLICCA QUI PER IL PERCORSO GUIDATO<\/span>\n\t\t\t\t\t<\/span>\n\t\t\t\t\t<\/a>\n\t\t\t\t<\/div>\n\t\t\t\t\t\t\t\t<\/div>\n\t\t\t\t<\/div>\n\t\t\t\t\t<\/div>\n\t\t<\/div>\n\t\t\t\t\t<\/div>\n\t\t<\/section>\n\t\t\t\t\t<\/div>\n\t\t<\/div>\n\t\t\t\t\t<\/div>\n\t\t<\/section>\n\t\t\t\t<\/div>\n\t\t","protected":false},"excerpt":{"rendered":"<p>IMPORTANTE DA LEGGERE CON LA MASSIMA ATTENZIONE !!! RIL\u00d2C \u00c8 UN SERVIZIO MOLTO SPECIALIZZATO, NON \u00c8 PER TUTTI SE VUOI RICEVERE UN PREVENTIVO DI NOLEGGIO LEGGI FINO IN FONDO PRIMA DI PROSEGUIRE ATTENZIONE: ecco cosa devi ASSOLUTAMENTE sapere prima di procedere alla richiesta: Ril\u00f2c \u00e8 rivolto solo alle aziende che noleggiano sovente (non occasionalmente) e [&hellip;]<\/p>\n","protected":false},"author":1,"featured_media":0,"parent":0,"menu_order":0,"comment_status":"closed","ping_status":"closed","template":"elementor_canvas","meta":{"footnotes":""},"class_list":["post-8","page","type-page","status-publish","hentry"],"_links":{"self":[{"href":"https:\/\/www.riloc.it\/richiesta-contatto\/wp-json\/wp\/v2\/pages\/8","targetHints":{"allow":["GET"]}}],"collection":[{"href":"https:\/\/www.riloc.it\/richiesta-contatto\/wp-json\/wp\/v2\/pages"}],"about":[{"href":"https:\/\/www.riloc.it\/richiesta-contatto\/wp-json\/wp\/v2\/types\/page"}],"author":[{"embeddable":true,"href":"https:\/\/www.riloc.it\/richiesta-contatto\/wp-json\/wp\/v2\/users\/1"}],"replies":[{"embeddable":true,"href":"https:\/\/www.riloc.it\/richiesta-contatto\/wp-json\/wp\/v2\/comments?post=8"}],"version-history":[{"count":8,"href":"https:\/\/www.riloc.it\/richiesta-contatto\/wp-json\/wp\/v2\/pages\/8\/revisions"}],"predecessor-version":[{"id":28,"href":"https:\/\/www.riloc.it\/richiesta-contatto\/wp-json\/wp\/v2\/pages\/8\/revisions\/28"}],"wp:attachment":[{"href":"https:\/\/www.riloc.it\/richiesta-contatto\/wp-json\/wp\/v2\/media?parent=8"}],"curies":[{"name":"wp","href":"https:\/\/api.w.org\/{rel}","templated":true}]}}